{"id":848,"date":"2025-06-09T16:14:02","date_gmt":"2025-06-09T16:14:02","guid":{"rendered":"https:\/\/i-exe.it\/prodotto\/bikrun\/"},"modified":"2025-06-25T14:14:44","modified_gmt":"2025-06-25T14:14:44","slug":"bikrun","status":"publish","type":"product","link":"https:\/\/i-exe.it\/en\/prodotto\/bikrun\/","title":{"rendered":"BIKRUN"},"content":{"rendered":"<p>La BIK-RUN \u00e8 la calza tecnica perfetta per chi cerca versatilit\u00e0, comfort e stile, progettata per adattarsi in modo naturale sia al ciclismo che alla corsa, senza compromessi. La sua altezza ibrida, posizionandosi a met\u00e0 tra una calza lunga e una corta, la rende ideale per diverse discipline, offrendo il giusto equilibrio tra protezione e leggerezza.<\/p>\n<p>Uno degli elementi pi\u00f9 innovativi della BIK-RUN \u00e8 il suo collare tecnologico, studiato appositamente per garantire stabilit\u00e0 senza compressione eccessiva. A differenza delle calze tradizionali che utilizzano elastici rigidi, il collare \u00e8 realizzato con un raddoppio di filati speciali, evitando l\u2019effetto &#8220;laccio emostatico&#8221; e permettendo alla calza di rimanere sempre in posizione senza scivolare. Questo sistema agevola l\u2019andamento naturale del flusso sanguigno, migliorando il comfort anche nelle sessioni pi\u00f9 lunghe o nelle attivit\u00e0 di endurance.<\/p>\n<p>La parte superiore della calza non \u00e8 solo funzionale ma anche esteticamente curata: il claim i-eXe \u00e8 suddiviso tra calza destra e sinistra, un dettaglio distintivo che ne enfatizza lo stile sportivo e tecnico.<\/p>\n<p>La costruzione del dorso del piede \u00e8 stata ottimizzata per offrire leggerezza e ventilazione, permettendo un\u2019evaporazione rapida del sudore e mantenendo il piede asciutto e fresco in ogni condizione climatica. Questa caratteristica la rende perfetta per un utilizzo trasversale in tutte le stagioni, garantendo il massimo comfort dall\u2019estate all\u2019inverno.<\/p>\n<p>Pensata per gli sportivi esigenti, ma perfetta anche per un utilizzo quotidiano, la BIK-RUN unisce design, funzionalit\u00e0 e tecnicit\u00e0, adattandosi in modo impeccabile a qualsiasi attivit\u00e0.<\/p>\n<p>BIK-RUN: stabilit\u00e0, comfort e performance in una calza adatta a ogni sfida.<\/p>\n","protected":false},"excerpt":{"rendered":"<p>Calza di altezza ibrida. Si adatta ad ogni tipologia di sport, dal Bike al Running. Una calza con un&#8217;anima endurance adatta anche al quotidiano. Il &#8220;collare&#8221; appositamente studiato, le dona una tensione ideale ad assecondare l&#8217;andamento del flusso sanguigno, evitando l&#8217;effetto laccio emostatico.<\/p>\n","protected":false},"featured_media":850,"comment_status":"closed","ping_status":"closed","template":"","meta":{"_acf_changed":false},"product_brand":[],"product_cat":[20,248,19,247],"product_tag":[],"class_list":{"0":"post-848","1":"product","2":"type-product","3":"status-publish","4":"has-post-thumbnail","6":"product_cat-donna","7":"product_cat-calze-donna","8":"product_cat-uomo","9":"product_cat-calze-uomo","10":"pa_sport-trail-running","11":"pa_sport-bike-mtb","12":"pa_sport-sport-outdoor","13":"pa_sport-running","14":"pa_temperatura-5c-45c","16":"first","17":"instock","18":"purchasable","19":"product-type-variable","20":"has-default-attributes"},"acf":[],"_links":{"self":[{"href":"https:\/\/i-exe.it\/en\/wp-json\/wp\/v2\/product\/848","targetHints":{"allow":["GET"]}}],"collection":[{"href":"https:\/\/i-exe.it\/en\/wp-json\/wp\/v2\/product"}],"about":[{"href":"https:\/\/i-exe.it\/en\/wp-json\/wp\/v2\/types\/product"}],"replies":[{"embeddable":true,"href":"https:\/\/i-exe.it\/en\/wp-json\/wp\/v2\/comments?post=848"}],"wp:featuredmedia":[{"embeddable":true,"href":"https:\/\/i-exe.it\/en\/wp-json\/wp\/v2\/media\/850"}],"wp:attachment":[{"href":"https:\/\/i-exe.it\/en\/wp-json\/wp\/v2\/media?parent=848"}],"wp:term":[{"taxonomy":"product_brand","embeddable":true,"href":"https:\/\/i-exe.it\/en\/wp-json\/wp\/v2\/product_brand?post=848"},{"taxonomy":"product_cat","embeddable":true,"href":"https:\/\/i-exe.it\/en\/wp-json\/wp\/v2\/product_cat?post=848"},{"taxonomy":"product_tag","embeddable":true,"href":"https:\/\/i-exe.it\/en\/wp-json\/wp\/v2\/product_tag?post=848"}],"curies":[{"name":"wp","href":"https:\/\/api.w.org\/{rel}","templated":true}]}}