{"id":782,"date":"2025-06-09T16:13:58","date_gmt":"2025-06-09T16:13:58","guid":{"rendered":"https:\/\/i-exe.it\/prodotto\/medixsport-long\/"},"modified":"2025-06-25T14:13:25","modified_gmt":"2025-06-25T14:13:25","slug":"medixsport-long","status":"publish","type":"product","link":"https:\/\/i-exe.it\/en\/prodotto\/medixsport-long\/","title":{"rendered":"MEDIXSPORT LONG"},"content":{"rendered":"<p>La calza lunga MEDIXSPORT \u00e8 un concentrato di tecnologia e funzionalit\u00e0, progettata per offrire supporto muscolare, protezione articolare e comfort assoluto. Grazie all\u2019innovativa tecnologia i-Gradual, questa calza esercita una compressione graduata, che parte dalla caviglia e si riduce progressivamente verso il polpaccio, migliorando la circolazione sanguigna e riducendo l\u2019affaticamento muscolare. Questo sistema favorisce un recupero pi\u00f9 rapido e aiuta a prevenire il ristagno venoso, rendendola ideale per chi pratica sport ad alta intensit\u00e0 o prolungati nel tempo.<\/p>\n<p>La sua struttura ergonomica \u00e8 studiata per adattarsi perfettamente al piede, avvolgendo tendini e articolazioni con il giusto grado di compressione, senza creare punti di pressione o fastidiose costrizioni. Questa caratteristica la rende una scelta perfetta sia per l\u2019attivit\u00e0 sportiva che per il recupero post-allenamento, offrendo sempre il massimo della protezione e della stabilit\u00e0.<\/p>\n<p>Oltre al supporto muscolare, la calza MEDIXSPORT \u00e8 progettata per garantire il massimo equilibrio termico. I materiali altamente traspiranti e la costruzione ottimizzata permettono una rapida asciugatura, mantenendo il piede sempre asciutto e acclimatato in qualsiasi condizione atmosferica. Questo evita sbalzi termici e garantisce una sensazione di benessere costante durante tutta la performance.<\/p>\n<p>Perfetta per running, trail running, ciclismo, sci e tutte le attivit\u00e0 outdoor, la MEDIXSPORT lunga \u00e8 una calza tecnica che non lascia nulla al caso: protezione, stabilit\u00e0 e benessere per accompagnarti in ogni sfida sportiva.<\/p>\n<p>MEDIXSPORT LONG: compressione graduata, comfort ergonomico, prestazioni senza compromessi.<\/p>\n","protected":false},"excerpt":{"rendered":"<p>Tecnologia i-gradual, esercita una pressione che degrada dalla caviglia al polpaccio. Ergonomicamente avvolgente per salvaguardare le articolazioni, ma perfettamente calzante e confortevole. Termicamente bilanciata a veloce asciugatura per mantenere il piede sempre acclimatato.<\/p>\n","protected":false},"featured_media":784,"comment_status":"closed","ping_status":"closed","template":"","meta":{"_acf_changed":false},"product_brand":[],"product_cat":[20,248,19,247],"product_tag":[],"class_list":{"0":"post-782","1":"product","2":"type-product","3":"status-publish","4":"has-post-thumbnail","6":"product_cat-donna","7":"product_cat-calze-donna","8":"product_cat-uomo","9":"product_cat-calze-uomo","10":"pa_sport-sci-winter-sports","11":"pa_sport-trail-running","12":"pa_sport-bike-mtb","13":"pa_sport-sport-outdoor","14":"pa_sport-motor-sport","15":"pa_sport-running","16":"pa_sport-ocr","17":"pa_temperatura-15c-45c","19":"first","20":"instock","21":"purchasable","22":"product-type-variable","23":"has-default-attributes"},"acf":[],"_links":{"self":[{"href":"https:\/\/i-exe.it\/en\/wp-json\/wp\/v2\/product\/782","targetHints":{"allow":["GET"]}}],"collection":[{"href":"https:\/\/i-exe.it\/en\/wp-json\/wp\/v2\/product"}],"about":[{"href":"https:\/\/i-exe.it\/en\/wp-json\/wp\/v2\/types\/product"}],"replies":[{"embeddable":true,"href":"https:\/\/i-exe.it\/en\/wp-json\/wp\/v2\/comments?post=782"}],"wp:featuredmedia":[{"embeddable":true,"href":"https:\/\/i-exe.it\/en\/wp-json\/wp\/v2\/media\/784"}],"wp:attachment":[{"href":"https:\/\/i-exe.it\/en\/wp-json\/wp\/v2\/media?parent=782"}],"wp:term":[{"taxonomy":"product_brand","embeddable":true,"href":"https:\/\/i-exe.it\/en\/wp-json\/wp\/v2\/product_brand?post=782"},{"taxonomy":"product_cat","embeddable":true,"href":"https:\/\/i-exe.it\/en\/wp-json\/wp\/v2\/product_cat?post=782"},{"taxonomy":"product_tag","embeddable":true,"href":"https:\/\/i-exe.it\/en\/wp-json\/wp\/v2\/product_tag?post=782"}],"curies":[{"name":"wp","href":"https:\/\/api.w.org\/{rel}","templated":true}]}}