{"id":769,"date":"2025-06-09T16:13:56","date_gmt":"2025-06-09T16:13:56","guid":{"rendered":"https:\/\/i-exe.it\/prodotto\/hp-bike-pants\/"},"modified":"2025-06-12T13:09:23","modified_gmt":"2025-06-12T13:09:23","slug":"hp-bike-pants","status":"publish","type":"product","link":"https:\/\/i-exe.it\/en\/prodotto\/hp-bike-pants\/","title":{"rendered":"HP &#8211; BIKE PANTS"},"content":{"rendered":"<p>Il pantalone da bike HP rappresenta il massimo della tecnologia applicata al ciclismo, un capo che eredita tutta la qualit\u00e0 di fit e performance della linea High Performance. Progettato per garantire ergonomicit\u00e0 assoluta, \u00e8 realizzato con materiali altamente traspiranti e compressivi, in grado di accompagnare ogni movimento del ciclista senza costrizioni.<\/p>\n<p>Uno degli elementi distintivi di questo pantalone \u00e8 il fondello tecnologico, appositamente studiato per offrire il massimo comfort anche nelle uscite pi\u00f9 lunghe. Grazie alla presenza di strutture seamless integrate, \u00e8 in grado di trattenere micro-cuscinetti d\u2019aria, migliorando l\u2019isolamento e riducendo al minimo gli impatti e le vibrazioni della sella. La sua costruzione garantisce una perfetta distribuzione del peso, alleviando la pressione nelle zone pi\u00f9 sensibili e favorendo una pedalata pi\u00f9 fluida e confortevole.<\/p>\n<p>La salopette \u00e8 progettata con la stessa cura e qualit\u00e0 costruttiva del resto del pantalone: sia le bretelle che la schiena sono realizzate con materiali identici alla struttura principale, rendendola perfettamente traspirante e confortevole. Questo consente di indossarla direttamente a pelle, senza alcuna sensazione di fastidio o compressione eccessiva.<\/p>\n<p>Grazie alla combinazione di materiali avanzati, compressione intelligente e fondello seamless studiato nei minimi dettagli, il pantalone HP Bike \u00e8 la scelta perfetta per i ciclisti che cercano un capo che garantisca supporto, comfort e massima aerodinamicit\u00e0, senza compromessi.<\/p>\n<p>HP BIKE PANTS: tecnologia seamless, vestibilit\u00e0 perfetta, performance senza limiti.<\/p>\n","protected":false},"excerpt":{"rendered":"<p>Pantalone bike facente parte dela linea HP, da cui eredita tutta la qualit\u00e0 di fit e performance. Ergonomicit\u00e0 allo stato puro. La sua salopette, sia bretelle che schiena, \u00e8 costruita con la stessa cura e fibre di tutto il pantalone e, pertanto, pu\u00f2 essere tranquillamente indossato direttamente a pelle.<\/p>\n","protected":false},"featured_media":771,"comment_status":"closed","ping_status":"closed","template":"","meta":{"_acf_changed":false},"product_brand":[],"product_cat":[20,27,19,23],"product_tag":[],"class_list":{"0":"post-769","1":"product","2":"type-product","3":"status-publish","4":"has-post-thumbnail","6":"product_cat-donna","7":"product_cat-pantaloni-donna","8":"product_cat-uomo","9":"product_cat-pantaloni-uomo","10":"pa_sport-bike-mtb","11":"pa_temperatura-5c-40c","13":"first","14":"instock","15":"purchasable","16":"product-type-variable","17":"has-default-attributes"},"acf":[],"_links":{"self":[{"href":"https:\/\/i-exe.it\/en\/wp-json\/wp\/v2\/product\/769","targetHints":{"allow":["GET"]}}],"collection":[{"href":"https:\/\/i-exe.it\/en\/wp-json\/wp\/v2\/product"}],"about":[{"href":"https:\/\/i-exe.it\/en\/wp-json\/wp\/v2\/types\/product"}],"replies":[{"embeddable":true,"href":"https:\/\/i-exe.it\/en\/wp-json\/wp\/v2\/comments?post=769"}],"wp:featuredmedia":[{"embeddable":true,"href":"https:\/\/i-exe.it\/en\/wp-json\/wp\/v2\/media\/771"}],"wp:attachment":[{"href":"https:\/\/i-exe.it\/en\/wp-json\/wp\/v2\/media?parent=769"}],"wp:term":[{"taxonomy":"product_brand","embeddable":true,"href":"https:\/\/i-exe.it\/en\/wp-json\/wp\/v2\/product_brand?post=769"},{"taxonomy":"product_cat","embeddable":true,"href":"https:\/\/i-exe.it\/en\/wp-json\/wp\/v2\/product_cat?post=769"},{"taxonomy":"product_tag","embeddable":true,"href":"https:\/\/i-exe.it\/en\/wp-json\/wp\/v2\/product_tag?post=769"}],"curies":[{"name":"wp","href":"https:\/\/api.w.org\/{rel}","templated":true}]}}