{"id":742,"date":"2025-06-09T16:13:56","date_gmt":"2025-06-09T16:13:56","guid":{"rendered":"https:\/\/i-exe.it\/prodotto\/yoggy\/"},"modified":"2025-06-25T14:09:51","modified_gmt":"2025-06-25T14:09:51","slug":"yoggy","status":"publish","type":"product","link":"https:\/\/i-exe.it\/en\/prodotto\/yoggy\/","title":{"rendered":"YOGGY"},"content":{"rendered":"<p>YOGGY nasce per offrire un equilibrio perfetto tra comfort, tecnicit\u00e0 e versatilit\u00e0, pensato per le donne che desiderano un capo che le accompagni in ogni momento della giornata, dall\u2019allenamento in palestra al jogging, fino all\u2019utilizzo come intimo tecnico per lo sci e le attivit\u00e0 outdoor.<\/p>\n<p>Realizzato con materiali altamente elasticizzati e traspiranti, YOGGY avvolge il corpo in modo naturale, garantendo una vestibilit\u00e0 perfetta senza costrizioni. Il fit morbido e avvolgente assicura libert\u00e0 di movimento in ogni attivit\u00e0, adattandosi perfettamente alle esigenze del corpo femminile. La costruzione senza cuciture nelle zone strategiche elimina ogni rischio di sfregamento, offrendo una sensazione di leggerezza e comodit\u00e0 assoluta.<\/p>\n<p>La sua natura multifunzionale lo rende un capo indispensabile: perfetto per pilates, yoga, jogging e allenamenti indoor, pu\u00f2 essere utilizzato anche come intimo tecnico sotto strati pi\u00f9 pesanti, ad esempio per lo sci, garantendo calore e traspirabilit\u00e0 senza appesantire. La sua capacit\u00e0 di asciugarsi rapidamente e di mantenere la pelle asciutta lo rende ideale per chi cerca un pantalone che si adatti a ogni situazione, senza compromessi.<\/p>\n<p>YOGGY \u00e8 pi\u00f9 di un semplice pantalone: \u00e8 la scelta perfetta per chi vuole unire femminilit\u00e0, funzionalit\u00e0 e performance, in un capo leggero, confortevole e sempre pronto a seguirti in ogni tua attivit\u00e0.<\/p>\n<p>YOGGY: libert\u00e0, comfort e tecnicit\u00e0 per chi non rinuncia al movimento.<\/p>\n","protected":false},"excerpt":{"rendered":"<p>Un tocco di femminilit\u00e0 mantenendo l&#8217;animo tecnico e soprattutto un comfort ad altissimi livelli. Yoggy, il pantalone dedicato al pubblico femminile, per affrontare sedute in palestra o allenamenti di jogging.<\/p>\n","protected":false},"featured_media":744,"comment_status":"closed","ping_status":"closed","template":"","meta":{"_acf_changed":false},"product_brand":[],"product_cat":[20,27],"product_tag":[],"class_list":{"0":"post-742","1":"product","2":"type-product","3":"status-publish","4":"has-post-thumbnail","6":"product_cat-donna","7":"product_cat-pantaloni-donna","8":"pa_sport-sport-outdoor","9":"pa_sport-fitness","10":"pa_sport-running","11":"pa_temperatura-5c-45c","13":"first","14":"instock","15":"purchasable","16":"product-type-variable","17":"has-default-attributes"},"acf":[],"_links":{"self":[{"href":"https:\/\/i-exe.it\/en\/wp-json\/wp\/v2\/product\/742","targetHints":{"allow":["GET"]}}],"collection":[{"href":"https:\/\/i-exe.it\/en\/wp-json\/wp\/v2\/product"}],"about":[{"href":"https:\/\/i-exe.it\/en\/wp-json\/wp\/v2\/types\/product"}],"replies":[{"embeddable":true,"href":"https:\/\/i-exe.it\/en\/wp-json\/wp\/v2\/comments?post=742"}],"wp:featuredmedia":[{"embeddable":true,"href":"https:\/\/i-exe.it\/en\/wp-json\/wp\/v2\/media\/744"}],"wp:attachment":[{"href":"https:\/\/i-exe.it\/en\/wp-json\/wp\/v2\/media?parent=742"}],"wp:term":[{"taxonomy":"product_brand","embeddable":true,"href":"https:\/\/i-exe.it\/en\/wp-json\/wp\/v2\/product_brand?post=742"},{"taxonomy":"product_cat","embeddable":true,"href":"https:\/\/i-exe.it\/en\/wp-json\/wp\/v2\/product_cat?post=742"},{"taxonomy":"product_tag","embeddable":true,"href":"https:\/\/i-exe.it\/en\/wp-json\/wp\/v2\/product_tag?post=742"}],"curies":[{"name":"wp","href":"https:\/\/api.w.org\/{rel}","templated":true}]}}