{"id":690,"date":"2025-06-09T16:13:54","date_gmt":"2025-06-09T16:13:54","guid":{"rendered":"https:\/\/i-exe.it\/prodotto\/evo\/"},"modified":"2025-06-25T14:06:43","modified_gmt":"2025-06-25T14:06:43","slug":"evo","status":"publish","type":"product","link":"https:\/\/i-exe.it\/en\/prodotto\/evo\/","title":{"rendered":"EVO"},"content":{"rendered":"<p>EVO \u00e8 il pantaloncino che incarna la massima versatilit\u00e0, pensato per adattarsi a qualsiasi disciplina sportiva con leggerezza, comfort e tecnicit\u00e0. Che si tratti di running, fitness, tennis o escursionismo, la sua costruzione lo rende un capo indispensabile per chi cerca un prodotto pratico, affidabile e in grado di offrire prestazioni ottimali in ogni contesto.<\/p>\n<p>Realizzato in tessuto bi-stretch, EVO garantisce elasticit\u00e0 e libert\u00e0 di movimento, seguendo in modo naturale ogni gesto atletico. Il fit ergonomico, combinato a un peso ridotto, assicura una sensazione di comfort assoluto, mentre la rapidit\u00e0 di asciugatura lo rende ideale anche per gli allenamenti pi\u00f9 intensi.<\/p>\n<p>Tra le sue caratteristiche tecniche pi\u00f9 avanzate troviamo l\u2019elastico in vita con doppia funzione antisudore, studiato per evitare la fastidiosa sensazione di umidit\u00e0 in questa zona, migliorando il comfort anche nelle sessioni pi\u00f9 prolungate. All\u2019interno, la mutanda in rete fornisce un supporto leggero e traspirante, contribuendo a mantenere il corpo sempre asciutto.<\/p>\n<p>La funzionalit\u00e0 \u00e8 ulteriormente valorizzata dalla presenza di pi\u00f9 tasche strategiche, tra cui due tasche laterali e un taschino posteriore con zip, perfetto per custodire in sicurezza piccoli oggetti durante l\u2019attivit\u00e0 sportiva.<\/p>\n<p>Grazie alla sua combinazione di design tecnico e praticit\u00e0, EVO \u00e8 il pantaloncino che tutti dovrebbero avere in casa, un capo affidabile che si adatta a ogni esigenza, dall\u2019allenamento quotidiano all\u2019attivit\u00e0 outdoor.<\/p>\n<p>EVO: tecnologia, comfort e versatilit\u00e0 in un pantaloncino progettato per ogni sport.<\/p>\n","protected":false},"excerpt":{"rendered":"<p>MULTISPORT. La sua versatilit\u00e0, leggerezza e vestibilit\u00e0, lo rendono un prodotto indispensabile. La minuziosa ricerca dei materiali e l&#8217;attenta tecnica costruttiva danno vita ad un pantaloncino dai connotati tanto unici quanto tecnici.<\/p>\n","protected":false},"featured_media":692,"comment_status":"closed","ping_status":"closed","template":"","meta":{"_acf_changed":false},"product_brand":[],"product_cat":[20,27,19,23],"product_tag":[],"class_list":{"0":"post-690","1":"product","2":"type-product","3":"status-publish","4":"has-post-thumbnail","6":"product_cat-donna","7":"product_cat-pantaloni-donna","8":"product_cat-uomo","9":"product_cat-pantaloni-uomo","10":"pa_sport-trail-running","11":"pa_sport-sport-outdoor","12":"pa_sport-fitness","13":"pa_sport-running","14":"pa_sport-ocr","15":"pa_temperatura-5c-45c","17":"first","18":"instock","19":"purchasable","20":"product-type-variable","21":"has-default-attributes"},"acf":[],"_links":{"self":[{"href":"https:\/\/i-exe.it\/en\/wp-json\/wp\/v2\/product\/690","targetHints":{"allow":["GET"]}}],"collection":[{"href":"https:\/\/i-exe.it\/en\/wp-json\/wp\/v2\/product"}],"about":[{"href":"https:\/\/i-exe.it\/en\/wp-json\/wp\/v2\/types\/product"}],"replies":[{"embeddable":true,"href":"https:\/\/i-exe.it\/en\/wp-json\/wp\/v2\/comments?post=690"}],"wp:featuredmedia":[{"embeddable":true,"href":"https:\/\/i-exe.it\/en\/wp-json\/wp\/v2\/media\/692"}],"wp:attachment":[{"href":"https:\/\/i-exe.it\/en\/wp-json\/wp\/v2\/media?parent=690"}],"wp:term":[{"taxonomy":"product_brand","embeddable":true,"href":"https:\/\/i-exe.it\/en\/wp-json\/wp\/v2\/product_brand?post=690"},{"taxonomy":"product_cat","embeddable":true,"href":"https:\/\/i-exe.it\/en\/wp-json\/wp\/v2\/product_cat?post=690"},{"taxonomy":"product_tag","embeddable":true,"href":"https:\/\/i-exe.it\/en\/wp-json\/wp\/v2\/product_tag?post=690"}],"curies":[{"name":"wp","href":"https:\/\/api.w.org\/{rel}","templated":true}]}}