{"id":683,"date":"2025-06-09T16:13:54","date_gmt":"2025-06-09T16:13:54","guid":{"rendered":"https:\/\/i-exe.it\/prodotto\/ultra-run\/"},"modified":"2025-06-25T15:02:43","modified_gmt":"2025-06-25T15:02:43","slug":"ultra-run","status":"publish","type":"product","link":"https:\/\/i-exe.it\/en\/prodotto\/ultra-run\/","title":{"rendered":"ULTRA RUN"},"content":{"rendered":"<p>ULTRA-RUN \u00e8 molto pi\u00f9 di un semplice pantaloncino: \u00e8 un concentrato di tecnologia, design funzionale e performance estreme. Ideato e testato da ultra runner, questo short \u00e8 stato progettato per essere un alleato infaticabile, capace di garantire leggerezza assoluta, vestibilit\u00e0 perfetta e massima libert\u00e0 di movimento, anche sulle distanze pi\u00f9 lunghe e nei percorsi pi\u00f9 impegnativi. Con ULTRA-RUN, si fa sul serio.<\/p>\n<p>Frutto delle tecnologie costruttive che contraddistinguono lo short HP, ULTRA-RUN si distingue per una struttura avanzata che segue la conformazione muscolare del quadricipite, offrendo un supporto naturale e accompagnando i movimenti senza alcuna costrizione. La fascia lombare, pi\u00f9 alta sul retro, \u00e8 stata studiata per fornire protezione alla zona dei reni e allo stesso tempo offrire funzionalit\u00e0 extra: integra tre tasche strategicamente posizionate per trasportare in sicurezza i beni essenziali durante la corsa.<\/p>\n<p>L\u2019assenza di zip \u00e8 una scelta mirata, studiata per ridurre ulteriormente il peso e garantire una sensazione di leggerezza assoluta. Ogni elemento \u00e8 stato ottimizzato per eliminare distrazioni e permettere all\u2019atleta di concentrarsi esclusivamente sulla propria performance. Chi lo ha testato ha evidenziato un aspetto sorprendente: una volta indossato, \u00e8 cos\u00ec impercettibile da sembrare di non averlo addosso.<\/p>\n<p>Dedicato a chi affronta il trail running, l\u2019ultra running o le lunghe distanze su strada, ULTRA-RUN rappresenta la perfetta fusione tra tecnologia, comfort e funzionalit\u00e0, senza compromessi.<\/p>\n<p>ULTRA-RUN: progettato per chi cerca la massima performance, senza nulla di superfluo, solo essenza pura di tecnicit\u00e0.<\/p>\n","protected":false},"excerpt":{"rendered":"<p>Un concentrato di tecnologia e cura nel design. Ideato e progettato da ultra runner per essere un infallibile alleato su cui fare affidamenteo in ogni situazione . Lo short ULTRA-RUN non scende a compromessi, con lui &#8220;si fa sul serio&#8221;.<\/p>\n","protected":false},"featured_media":1585,"comment_status":"closed","ping_status":"closed","template":"","meta":{"_acf_changed":false},"product_brand":[],"product_cat":[20,27,19,23],"product_tag":[],"class_list":{"0":"post-683","1":"product","2":"type-product","3":"status-publish","4":"has-post-thumbnail","6":"product_cat-donna","7":"product_cat-pantaloni-donna","8":"product_cat-uomo","9":"product_cat-pantaloni-uomo","10":"pa_sport-trail-running","11":"pa_sport-running","12":"pa_sport-ocr","13":"pa_temperatura-0c-40c","15":"first","16":"instock","17":"purchasable","18":"product-type-variable","19":"has-default-attributes"},"acf":[],"_links":{"self":[{"href":"https:\/\/i-exe.it\/en\/wp-json\/wp\/v2\/product\/683","targetHints":{"allow":["GET"]}}],"collection":[{"href":"https:\/\/i-exe.it\/en\/wp-json\/wp\/v2\/product"}],"about":[{"href":"https:\/\/i-exe.it\/en\/wp-json\/wp\/v2\/types\/product"}],"replies":[{"embeddable":true,"href":"https:\/\/i-exe.it\/en\/wp-json\/wp\/v2\/comments?post=683"}],"wp:featuredmedia":[{"embeddable":true,"href":"https:\/\/i-exe.it\/en\/wp-json\/wp\/v2\/media\/1585"}],"wp:attachment":[{"href":"https:\/\/i-exe.it\/en\/wp-json\/wp\/v2\/media?parent=683"}],"wp:term":[{"taxonomy":"product_brand","embeddable":true,"href":"https:\/\/i-exe.it\/en\/wp-json\/wp\/v2\/product_brand?post=683"},{"taxonomy":"product_cat","embeddable":true,"href":"https:\/\/i-exe.it\/en\/wp-json\/wp\/v2\/product_cat?post=683"},{"taxonomy":"product_tag","embeddable":true,"href":"https:\/\/i-exe.it\/en\/wp-json\/wp\/v2\/product_tag?post=683"}],"curies":[{"name":"wp","href":"https:\/\/api.w.org\/{rel}","templated":true}]}}