{"id":668,"date":"2025-06-09T16:13:53","date_gmt":"2025-06-09T16:13:53","guid":{"rendered":"https:\/\/i-exe.it\/prodotto\/uniqo\/"},"modified":"2025-06-25T14:05:46","modified_gmt":"2025-06-25T14:05:46","slug":"uniqo","status":"publish","type":"product","link":"https:\/\/i-exe.it\/en\/prodotto\/uniqo\/","title":{"rendered":"UNIQO"},"content":{"rendered":"<p>UNIQO rappresenta il massimo potenziale tecnologico dei prodotti i-eXe, unendo in un unico capo due strutture indipendenti e altamente performanti. Progettato per il runner esperto, UNIQO offre un mix perfetto di tecnicit\u00e0, versatilit\u00e0 e comfort, rendendolo adatto a ogni stagione e condizione.<\/p>\n<p>Lo strato esterno, realizzato in materiale antistrappo, garantisce leggerezza, rapidit\u00e0 di asciugatura e una resistenza eccezionale, perfetta per affrontare anche i sentieri pi\u00f9 avversi. Lo strato interno, il vero cuore di UNIQO, dona un FIT ergonomico e altamente confortevole, studiato per seguire i movimenti del corpo senza costrizioni. La progettazione scollegata dei due strati amplifica la sensazione di libert\u00e0, permettendo al runner di concentrarsi esclusivamente sulla propria performance.<\/p>\n<p>Ogni dettaglio \u00e8 stato pensato per rispondere alle necessit\u00e0 degli sportivi pi\u00f9 esigenti:<\/p>\n<p>7 tasche di varie dimensioni, di cui 2 con cerniera di sicurezza, per trasportare tutto l\u2019essenziale.<br \/>\nZone di ventilazione doppia nelle aree pi\u00f9 sensibili, garantendo una perfetta aerazione e prevenendo il raffreddamento delle zone sollecitate.<br \/>\nUna fascia contenitiva lombare, dotata internamente di uno strato tecnologico chiamato SUPERGRIP, progettato per aderire perfettamente alla pelle. Questo sistema impedisce al pantaloncino di scivolare, eliminando la necessit\u00e0 del cordino in vita, per un comfort superiore e una stabilit\u00e0 impeccabile.<br \/>\nCon un peso di soli 170 grammi, UNIQO \u00e8 incredibilmente leggero senza mai rinunciare alla tecnologia e alla funzionalit\u00e0 che lo caratterizzano. Questo capo \u00e8 il risultato di innumerevoli prototipi e test sul campo, che hanno perfezionato ogni aspetto della sua costruzione, rendendolo adatto ai percorsi pi\u00f9 impegnativi e alle esigenze degli atleti pi\u00f9 esperti.<\/p>\n<p>UNIQO non \u00e8 solo un pantaloncino: \u00e8 un\u2019esperienza unica, progettata per garantire comfort, performance e libert\u00e0 assoluta, qualunque sia la sfida.<\/p>\n","protected":false},"excerpt":{"rendered":"<p>I due strati di cui \u00e8 costituito UNIQO possiedono un&#8217;anima indipendente. Lo strato esterno ha la capacit\u00e0 di rendere il prodotto leggero e di veloce asciugatura. Con UNIQO il runner sar\u00e0 a proprio agio restando sempre concentrato nel suo gesto atletico!<\/p>\n","protected":false},"featured_media":670,"comment_status":"closed","ping_status":"closed","template":"","meta":{"_acf_changed":false},"product_brand":[],"product_cat":[20,27,19,23],"product_tag":[],"class_list":{"0":"post-668","1":"product","2":"type-product","3":"status-publish","4":"has-post-thumbnail","6":"product_cat-donna","7":"product_cat-pantaloni-donna","8":"product_cat-uomo","9":"product_cat-pantaloni-uomo","10":"pa_sport-trail-running","11":"pa_sport-sport-outdoor","12":"pa_sport-running","13":"pa_sport-ocr","14":"pa_temperatura-0c-45c","16":"first","17":"instock","18":"purchasable","19":"product-type-variable","20":"has-default-attributes"},"acf":[],"_links":{"self":[{"href":"https:\/\/i-exe.it\/en\/wp-json\/wp\/v2\/product\/668","targetHints":{"allow":["GET"]}}],"collection":[{"href":"https:\/\/i-exe.it\/en\/wp-json\/wp\/v2\/product"}],"about":[{"href":"https:\/\/i-exe.it\/en\/wp-json\/wp\/v2\/types\/product"}],"replies":[{"embeddable":true,"href":"https:\/\/i-exe.it\/en\/wp-json\/wp\/v2\/comments?post=668"}],"wp:featuredmedia":[{"embeddable":true,"href":"https:\/\/i-exe.it\/en\/wp-json\/wp\/v2\/media\/670"}],"wp:attachment":[{"href":"https:\/\/i-exe.it\/en\/wp-json\/wp\/v2\/media?parent=668"}],"wp:term":[{"taxonomy":"product_brand","embeddable":true,"href":"https:\/\/i-exe.it\/en\/wp-json\/wp\/v2\/product_brand?post=668"},{"taxonomy":"product_cat","embeddable":true,"href":"https:\/\/i-exe.it\/en\/wp-json\/wp\/v2\/product_cat?post=668"},{"taxonomy":"product_tag","embeddable":true,"href":"https:\/\/i-exe.it\/en\/wp-json\/wp\/v2\/product_tag?post=668"}],"curies":[{"name":"wp","href":"https:\/\/api.w.org\/{rel}","templated":true}]}}