{"id":654,"date":"2025-06-09T16:13:53","date_gmt":"2025-06-09T16:13:53","guid":{"rendered":"https:\/\/i-exe.it\/prodotto\/ultra-light-2\/"},"modified":"2025-06-25T14:03:49","modified_gmt":"2025-06-25T14:03:49","slug":"ultra-light-woman","status":"publish","type":"product","link":"https:\/\/i-exe.it\/en\/prodotto\/ultra-light-woman\/","title":{"rendered":"ULTRA LIGHT"},"content":{"rendered":"<p>ULTRALIGHT \u00e8 la risposta perfetta per chi cerca un capo leggerissimo, pensato per affrontare attivit\u00e0 sportive dove il caldo \u00e8 una costante. Progettata con materiali tecnici avanzati, questa maglia offre una combinazione di freschezza, comfort e performance impareggiabili, tanto da far dimenticare di averla addosso.<\/p>\n<p>Grazie alla costruzione senza cuciture, ULTRALIGHT garantisce una vestibilit\u00e0 comoda e delicata sulla pelle, eliminando qualsiasi rischio di sfregamenti anche nelle attivit\u00e0 pi\u00f9 intense e prolungate. Il FIT leggero e non costrittivo accompagna ogni movimento in totale libert\u00e0, adattandosi naturalmente al corpo per una sensazione di seconda pelle.<\/p>\n<p>I materiali impiegati sono selezionati per garantire una traspirabilit\u00e0 ottimale e una rapida evaporazione del sudore, mantenendo la pelle asciutta e il corpo fresco anche nelle condizioni climatiche pi\u00f9 estreme. La tecnologia utilizzata, inoltre, previene la formazione di odori, assicurando una sensazione di freschezza duratura durante tutta la performance.<\/p>\n<p>Dedicata a chi pratica sport in ambienti caldi o durante le stagioni estive, ULTRALIGHT \u00e8 un capo indispensabile per chi desidera protezione, leggerezza e freschezza assoluta, senza rinunciare alla tecnicit\u00e0.<\/p>\n<p>ULTRALIGHT: la soluzione definitiva per rimanere freschi, asciutti e liberi, come se non l\u2019avessi addosso.<\/p>\n","protected":false},"excerpt":{"rendered":"<p>Qualsiasi sia il tipo di impiego, se la necessit\u00e0 \u00e8 quella di essere protetti restando leggeri e freschi, la ULTRA LIGHT \u00e8 la risposta giusta. Un FIT comodo e piacevole, accompagnato dalla tecnicit\u00e0 dei materiali utilizzati, salvaguardando la cute da sfregamento ed odori.<\/p>\n","protected":false},"featured_media":656,"comment_status":"closed","ping_status":"closed","template":"","meta":{"_acf_changed":false},"product_brand":[],"product_cat":[20,239],"product_tag":[],"class_list":{"0":"post-654","1":"product","2":"type-product","3":"status-publish","4":"has-post-thumbnail","6":"product_cat-donna","7":"product_cat-canotte-smanicati-donna","8":"pa_sport-sport-outdoor","9":"pa_sport-fitness","10":"pa_sport-running","11":"pa_temperatura-20c-45c","13":"first","14":"instock","15":"purchasable","16":"product-type-variable","17":"has-default-attributes"},"acf":[],"_links":{"self":[{"href":"https:\/\/i-exe.it\/en\/wp-json\/wp\/v2\/product\/654","targetHints":{"allow":["GET"]}}],"collection":[{"href":"https:\/\/i-exe.it\/en\/wp-json\/wp\/v2\/product"}],"about":[{"href":"https:\/\/i-exe.it\/en\/wp-json\/wp\/v2\/types\/product"}],"replies":[{"embeddable":true,"href":"https:\/\/i-exe.it\/en\/wp-json\/wp\/v2\/comments?post=654"}],"wp:featuredmedia":[{"embeddable":true,"href":"https:\/\/i-exe.it\/en\/wp-json\/wp\/v2\/media\/656"}],"wp:attachment":[{"href":"https:\/\/i-exe.it\/en\/wp-json\/wp\/v2\/media?parent=654"}],"wp:term":[{"taxonomy":"product_brand","embeddable":true,"href":"https:\/\/i-exe.it\/en\/wp-json\/wp\/v2\/product_brand?post=654"},{"taxonomy":"product_cat","embeddable":true,"href":"https:\/\/i-exe.it\/en\/wp-json\/wp\/v2\/product_cat?post=654"},{"taxonomy":"product_tag","embeddable":true,"href":"https:\/\/i-exe.it\/en\/wp-json\/wp\/v2\/product_tag?post=654"}],"curies":[{"name":"wp","href":"https:\/\/api.w.org\/{rel}","templated":true}]}}