{"id":618,"date":"2025-06-09T16:13:51","date_gmt":"2025-06-09T16:13:51","guid":{"rendered":"https:\/\/i-exe.it\/prodotto\/runbike\/"},"modified":"2025-11-17T15:38:38","modified_gmt":"2025-11-17T15:38:38","slug":"runbike","status":"publish","type":"product","link":"https:\/\/i-exe.it\/en\/prodotto\/runbike\/","title":{"rendered":"RUNBIKE"},"content":{"rendered":"<p>RUNBIKE nasce come un capo tecnico dedicato ai bikers, ma ha conquistato anche i runners, diventando un prodotto versatile e ad alte prestazioni, perfetto per chi pratica sport sia su due ruote che su strada. Grazie alla combinazione delle tecnologie esclusive i-eXe\u00ae, i-Fiber\u2122, i-Silver\u2122 e i-Ray\u2122, questa canotta rappresenta il giusto equilibrio tra leggerezza, trattamento tecnico e comfort superiore.<\/p>\n<p>La struttura micro-forata \u00e8 il vero punto di forza di RUNBIKE: a differenza di altri capi sul mercato, che spesso presentano fori eccessivamente grandi senza reale funzionalit\u00e0, RUNBIKE offre una ventilazione ottimale senza sacrificare la vestibilit\u00e0. Questa soluzione garantisce aerazione costante, mantenendo il corpo asciutto e offrendo una sensazione di leggerezza assoluta.<\/p>\n<p>Il filato i-Fiber\u2122, realizzato in polipropilene a fibra cava, assicura una traspirabilit\u00e0 eccezionale e una rapidit\u00e0 di asciugatura ineguagliabile, ideale per le performance pi\u00f9 intense. La tecnologia i-Silver\u2122, con trattamento agli ioni d\u2019argento, contribuisce a mantenere una sensazione di freschezza prolungata, impedendo la proliferazione di odori anche dopo lunghi periodi di utilizzo.<\/p>\n<p>La cura dei dettagli \u00e8 maniacale: il FIT ergonomico e il corretto dimensionamento delle zone smanicate e del collo sono studiati per garantire massima comodit\u00e0 e zero sfregamenti. Un dettaglio in cordino rinforza ulteriormente queste aree, offrendo una vestibilit\u00e0 perfetta che accompagna ogni movimento senza costrizioni.<\/p>\n<p>RUNBIKE \u00e8 molto pi\u00f9 di una semplice canotta: \u00e8 un prodotto tecnico che si adatta a qualsiasi situazione, trasformandosi all\u2019occorrenza in un intimo tecnico o in un capo esternabile. Che si tratti di pedalate in montagna o corse su strada, RUNBIKE \u00e8 il compagno ideale per affrontare ogni sfida con la certezza di una vestibilit\u00e0 impeccabile, rapidit\u00e0 di asciugatura e comfort totale.<\/p>\n","protected":false},"excerpt":{"rendered":"<p>Apprezzato dal popolo dei bikers, ed amato dai runners. Un prodotto che si trasforma in intimo all&#8217;occorrenza, con un&#8217;anima esternabile, che lo fa brillare in ogni occasione. Rapidit\u00e0 di asciugatura ineguagliabile.<\/p>\n","protected":false},"featured_media":620,"comment_status":"closed","ping_status":"closed","template":"","meta":{"_acf_changed":false},"product_brand":[],"product_cat":[20,239,19,238],"product_tag":[],"class_list":{"0":"post-618","1":"product","2":"type-product","3":"status-publish","4":"has-post-thumbnail","6":"product_cat-donna","7":"product_cat-canotte-smanicati-donna","8":"product_cat-uomo","9":"product_cat-canotte-e-smanicati-uomo","10":"pa_sport-trail-running","11":"pa_sport-bike-mtb","12":"pa_sport-sport-outdoor","13":"pa_sport-running","14":"pa_temperatura-5c-40c","16":"first","17":"instock","18":"purchasable","19":"product-type-variable","20":"has-default-attributes"},"acf":[],"_links":{"self":[{"href":"https:\/\/i-exe.it\/en\/wp-json\/wp\/v2\/product\/618","targetHints":{"allow":["GET"]}}],"collection":[{"href":"https:\/\/i-exe.it\/en\/wp-json\/wp\/v2\/product"}],"about":[{"href":"https:\/\/i-exe.it\/en\/wp-json\/wp\/v2\/types\/product"}],"replies":[{"embeddable":true,"href":"https:\/\/i-exe.it\/en\/wp-json\/wp\/v2\/comments?post=618"}],"wp:featuredmedia":[{"embeddable":true,"href":"https:\/\/i-exe.it\/en\/wp-json\/wp\/v2\/media\/620"}],"wp:attachment":[{"href":"https:\/\/i-exe.it\/en\/wp-json\/wp\/v2\/media?parent=618"}],"wp:term":[{"taxonomy":"product_brand","embeddable":true,"href":"https:\/\/i-exe.it\/en\/wp-json\/wp\/v2\/product_brand?post=618"},{"taxonomy":"product_cat","embeddable":true,"href":"https:\/\/i-exe.it\/en\/wp-json\/wp\/v2\/product_cat?post=618"},{"taxonomy":"product_tag","embeddable":true,"href":"https:\/\/i-exe.it\/en\/wp-json\/wp\/v2\/product_tag?post=618"}],"curies":[{"name":"wp","href":"https:\/\/api.w.org\/{rel}","templated":true}]}}