{"id":562,"date":"2025-06-09T16:13:49","date_gmt":"2025-06-09T16:13:49","guid":{"rendered":"https:\/\/i-exe.it\/prodotto\/climbing\/"},"modified":"2025-06-25T14:01:48","modified_gmt":"2025-06-25T14:01:48","slug":"climbing","status":"publish","type":"product","link":"https:\/\/i-exe.it\/en\/prodotto\/climbing\/","title":{"rendered":"CLIMBING"},"content":{"rendered":"<p>La linea CLIMBING \u00e8 il perfetto equilibrio tra tecnologia avanzata e funzionalit\u00e0, un capo che, dietro il suo aspetto sobrio, nasconde un concentrato di innovazione progettato per affrontare le sfide delle attivit\u00e0 outdoor. Soprannominata \u201cnuvola\u201d per la sua leggerezza impalpabile, CLIMBING \u00e8 realizzata con filati di alta qualit\u00e0 che assicurano una capacit\u00e0 straordinaria di espellere il sudore e asciugarsi rapidamente.<\/p>\n<p>Grazie alla sua struttura ultra-leggera e alla prevalenza di fibre traspiranti, questo prodotto \u00e8 particolarmente indicato per attivit\u00e0 come il trekking, il climbing e tutte le escursioni dove \u00e8 essenziale rimanere asciutti una volta raggiunta la quota. La rapidit\u00e0 di asciugatura \u00e8 il punto di forza: il sudore della salita viene eliminato con estrema velocit\u00e0, mantenendo il corpo asciutto e al riparo da sbalzi di temperatura.<\/p>\n<p>Il FIT morbido e il comfort garantito dalla sua costruzione tecnica permettono alla maglia CLIMBING di accompagnare ogni movimento, offrendo una sensazione di leggerezza e libert\u00e0 totale. Che si tratti di lunghe escursioni o attivit\u00e0 pi\u00f9 intense, questo capo \u00e8 progettato per adattarsi a qualsiasi temperatura e a ogni tipo di condizione outdoor, assicurando traspirabilit\u00e0, regolazione dell\u2019umidit\u00e0 e comfort assoluto.<\/p>\n<p>CLIMBING: la scelta ideale per chi cerca performance senza compromessi, con la leggerezza di una nuvola e la tecnologia che solo i-eXe sa offrire.<\/p>\n","protected":false},"excerpt":{"rendered":"<p>Si adatta ad ogni temperatura ed attivit\u00e0, ma il suo DNA prende forma nel Trekking, Climbing e tutti gli sport dove, morbidezza, traspirabilit\u00e0, regolazione dell&#8217;umidit\u00e0 e comfort sono le prerogative per godere a pieno dei momenti che l&#8217;outdoor regala.<\/p>\n","protected":false},"featured_media":564,"comment_status":"closed","ping_status":"closed","template":"","meta":{"_acf_changed":false},"product_brand":[],"product_cat":[20,234,19,233],"product_tag":[],"class_list":{"0":"post-562","1":"product","2":"type-product","3":"status-publish","4":"has-post-thumbnail","6":"product_cat-donna","7":"product_cat-t-shirt-donna","8":"product_cat-uomo","9":"product_cat-t-shirt-uomo","10":"pa_sport-sport-outdoor","11":"pa_sport-fitness","12":"pa_sport-running","13":"pa_temperatura-10c-40c","15":"first","16":"instock","17":"purchasable","18":"product-type-variable"},"acf":[],"_links":{"self":[{"href":"https:\/\/i-exe.it\/en\/wp-json\/wp\/v2\/product\/562","targetHints":{"allow":["GET"]}}],"collection":[{"href":"https:\/\/i-exe.it\/en\/wp-json\/wp\/v2\/product"}],"about":[{"href":"https:\/\/i-exe.it\/en\/wp-json\/wp\/v2\/types\/product"}],"replies":[{"embeddable":true,"href":"https:\/\/i-exe.it\/en\/wp-json\/wp\/v2\/comments?post=562"}],"wp:featuredmedia":[{"embeddable":true,"href":"https:\/\/i-exe.it\/en\/wp-json\/wp\/v2\/media\/564"}],"wp:attachment":[{"href":"https:\/\/i-exe.it\/en\/wp-json\/wp\/v2\/media?parent=562"}],"wp:term":[{"taxonomy":"product_brand","embeddable":true,"href":"https:\/\/i-exe.it\/en\/wp-json\/wp\/v2\/product_brand?post=562"},{"taxonomy":"product_cat","embeddable":true,"href":"https:\/\/i-exe.it\/en\/wp-json\/wp\/v2\/product_cat?post=562"},{"taxonomy":"product_tag","embeddable":true,"href":"https:\/\/i-exe.it\/en\/wp-json\/wp\/v2\/product_tag?post=562"}],"curies":[{"name":"wp","href":"https:\/\/api.w.org\/{rel}","templated":true}]}}