{"id":526,"date":"2025-06-09T16:13:48","date_gmt":"2025-06-09T16:13:48","guid":{"rendered":"https:\/\/i-exe.it\/prodotto\/x-dray\/"},"modified":"2025-06-25T14:01:03","modified_gmt":"2025-06-25T14:01:03","slug":"x-dray","status":"publish","type":"product","link":"https:\/\/i-exe.it\/en\/prodotto\/x-dray\/","title":{"rendered":"X-DRAY"},"content":{"rendered":"<p>La linea XDRAY \u00e8 progettata per offrire versatilit\u00e0 assoluta e un comfort senza compromessi, diventando un capo ideale per un\u2019ampia gamma di attivit\u00e0 sportive. Il FIT pi\u00f9 rilassato, meno aderente e aggressivo rispetto alle linee pi\u00f9 tecniche, garantisce una vestibilit\u00e0 leggera e naturale, pensata per accompagnare l\u2019atleta con la massima libert\u00e0 di movimento.<\/p>\n<p>Caratterizzata da una costruzione ottimizzata per temperature meno rigide, XDRAY si adatta perfettamente sia agli sport outdoor che alle attivit\u00e0 indoor, grazie alla sua capacit\u00e0 di offrire rapidit\u00e0 di asciugatura e traspirabilit\u00e0 costante durante ogni fase dell\u2019attivit\u00e0.<\/p>\n<p>Il tessuto leggero e performante rende XDRAY un capo praticamente impercettibile, ideale per chi desidera concentrarsi solo sulla performance, senza distrazioni. La sua capacit\u00e0 di adattarsi a qualsiasi contesto sportivo, unita a un design sobrio ma dinamico, lo rende un prodotto indispensabile per chi pratica sport in modo continuo e trasversale.<\/p>\n<p>XDRAY: leggerezza, comfort e versatilit\u00e0 per sentirsi liberi di affrontare ogni attivit\u00e0, come se non l\u2019avessi addosso.<\/p>\n<p>La linea XDRAY \u00e8 progettata per offrire versatilit\u00e0 assoluta e un comfort senza compromessi, diventando un capo ideale per un\u2019ampia gamma di attivit\u00e0 sportive. Il FIT pi\u00f9 rilassato, meno aderente e aggressivo rispetto alle linee pi\u00f9 tecniche, garantisce una vestibilit\u00e0 leggera e naturale, pensata per accompagnare l\u2019atleta con la massima libert\u00e0 di movimento.<\/p>\n<p>Caratterizzata da una costruzione ottimizzata per temperature meno rigide, XDRAY si adatta perfettamente sia agli sport outdoor che alle attivit\u00e0 indoor, grazie alla sua capacit\u00e0 di offrire rapidit\u00e0 di asciugatura e traspirabilit\u00e0 costante durante ogni fase dell\u2019attivit\u00e0.<\/p>\n<p>Il tessuto leggero e performante rende XDRAY un capo praticamente impercettibile, ideale per chi desidera concentrarsi solo sulla performance, senza distrazioni. La sua capacit\u00e0 di adattarsi a qualsiasi contesto sportivo, unita a un design sobrio ma dinamico, lo rende un prodotto indispensabile per chi pratica sport in modo continuo e trasversale.<\/p>\n<p>XDRAY: leggerezza, comfort e versatilit\u00e0 per sentirsi liberi di affrontare ogni attivit\u00e0, come se non l\u2019avessi addosso.<\/p>\n","protected":false},"excerpt":{"rendered":"<p>Il nome le rende giustizia. Rapidit\u00e0 di asciugatura e versatilit\u00e0 sono le sue prerogative nonch\u00e9 punti di forza. Una volta iniziata l&#8217;attivit\u00e0 sportiva, sar\u00e0 come non averla addosso.<\/p>\n","protected":false},"featured_media":528,"comment_status":"closed","ping_status":"closed","template":"","meta":{"_acf_changed":false},"product_brand":[],"product_cat":[20,234,19,233],"product_tag":[],"class_list":{"0":"post-526","1":"product","2":"type-product","3":"status-publish","4":"has-post-thumbnail","6":"product_cat-donna","7":"product_cat-t-shirt-donna","8":"product_cat-uomo","9":"product_cat-t-shirt-uomo","10":"pa_sport-sport-outdoor","11":"pa_sport-fitness","12":"pa_sport-running","13":"pa_temperatura-10c-40c","15":"first","16":"instock","17":"purchasable","18":"product-type-variable","19":"has-default-attributes"},"acf":[],"_links":{"self":[{"href":"https:\/\/i-exe.it\/en\/wp-json\/wp\/v2\/product\/526","targetHints":{"allow":["GET"]}}],"collection":[{"href":"https:\/\/i-exe.it\/en\/wp-json\/wp\/v2\/product"}],"about":[{"href":"https:\/\/i-exe.it\/en\/wp-json\/wp\/v2\/types\/product"}],"replies":[{"embeddable":true,"href":"https:\/\/i-exe.it\/en\/wp-json\/wp\/v2\/comments?post=526"}],"wp:featuredmedia":[{"embeddable":true,"href":"https:\/\/i-exe.it\/en\/wp-json\/wp\/v2\/media\/528"}],"wp:attachment":[{"href":"https:\/\/i-exe.it\/en\/wp-json\/wp\/v2\/media?parent=526"}],"wp:term":[{"taxonomy":"product_brand","embeddable":true,"href":"https:\/\/i-exe.it\/en\/wp-json\/wp\/v2\/product_brand?post=526"},{"taxonomy":"product_cat","embeddable":true,"href":"https:\/\/i-exe.it\/en\/wp-json\/wp\/v2\/product_cat?post=526"},{"taxonomy":"product_tag","embeddable":true,"href":"https:\/\/i-exe.it\/en\/wp-json\/wp\/v2\/product_tag?post=526"}],"curies":[{"name":"wp","href":"https:\/\/api.w.org\/{rel}","templated":true}]}}