{"id":477,"date":"2025-06-09T16:13:46","date_gmt":"2025-06-09T16:13:46","guid":{"rendered":"https:\/\/i-exe.it\/prodotto\/color\/"},"modified":"2025-11-17T15:36:14","modified_gmt":"2025-11-17T15:36:14","slug":"color","status":"publish","type":"product","link":"https:\/\/i-exe.it\/en\/prodotto\/color\/","title":{"rendered":"COLOR"},"content":{"rendered":"<p>La linea COLOR nasce dalla tecnologia madre della linea HP, reinterpretata in un prodotto pi\u00f9 versatile e meno estremo, pur mantenendo tutte le caratteristiche tecniche che distinguono i capi i-eXe. Realizzata con gli stessi filati avanzati e dotata delle tecnologie i-Fiber\u2122, i-Compression\u2122 e i-Ray\u2122, la linea COLOR offre performance eccellenti con un tocco di stile e vivacit\u00e0 grazie alle numerose varianti cromatiche.<\/p>\n<p>L\u2019aspetto leggermente pi\u00f9 rilassato, rispetto alla linea HP, conserva comunque un design sportivo e dinamico, rendendolo il capo ideale per chi cerca un prodotto tecnico adatto a ogni situazione e ogni stagione. La grammatura piacevolmente leggera garantisce un comfort ottimale, assicurando termoregolazione e traspirabilit\u00e0 sia nei mesi pi\u00f9 freddi, utilizzata come primo strato, sia durante le stagioni pi\u00f9 miti.<\/p>\n<p>Il FIT ergonomico, unito all\u2019ampia scelta di colori, rende la linea COLOR il perfetto connubio tra tecnicit\u00e0 e versatilit\u00e0, pensato per chi desidera performance affidabili senza rinunciare a uno stile sportivo e distintivo.<\/p>\n<p>COLOR: la scelta perfetta per affrontare ogni attivit\u00e0 con la giusta combinazione di tecnologia, comfort e un pizzico di personalit\u00e0.<\/p>\n","protected":false},"excerpt":{"rendered":"<p>La tecnologia madre della linea HP, rivisitata ed inserita in un prodotto versatile e meno estremo. Adatta ad ogni utilizzo, \u00e8 il prodotto sportivo a 360\u00b0 con una grammatura piacevole. Utile nei mesi invernali come nel periodo estivo.<\/p>\n","protected":false},"featured_media":479,"comment_status":"closed","ping_status":"closed","template":"","meta":{"_acf_changed":false},"product_brand":[],"product_cat":[20,234,19,233],"product_tag":[],"class_list":{"0":"post-477","1":"product","2":"type-product","3":"status-publish","4":"has-post-thumbnail","6":"product_cat-donna","7":"product_cat-t-shirt-donna","8":"product_cat-uomo","9":"product_cat-t-shirt-uomo","10":"pa_sport-sci-winter-sports","11":"pa_sport-trail-running","12":"pa_sport-bike-mtb","13":"pa_sport-sport-outdoor","14":"pa_sport-fitness","15":"pa_sport-motor-sport","16":"pa_sport-running","17":"pa_sport-ocr","18":"pa_temperatura-0c-38c","20":"first","21":"instock","22":"purchasable","23":"product-type-variable","24":"has-default-attributes"},"acf":[],"_links":{"self":[{"href":"https:\/\/i-exe.it\/en\/wp-json\/wp\/v2\/product\/477","targetHints":{"allow":["GET"]}}],"collection":[{"href":"https:\/\/i-exe.it\/en\/wp-json\/wp\/v2\/product"}],"about":[{"href":"https:\/\/i-exe.it\/en\/wp-json\/wp\/v2\/types\/product"}],"replies":[{"embeddable":true,"href":"https:\/\/i-exe.it\/en\/wp-json\/wp\/v2\/comments?post=477"}],"wp:featuredmedia":[{"embeddable":true,"href":"https:\/\/i-exe.it\/en\/wp-json\/wp\/v2\/media\/479"}],"wp:attachment":[{"href":"https:\/\/i-exe.it\/en\/wp-json\/wp\/v2\/media?parent=477"}],"wp:term":[{"taxonomy":"product_brand","embeddable":true,"href":"https:\/\/i-exe.it\/en\/wp-json\/wp\/v2\/product_brand?post=477"},{"taxonomy":"product_cat","embeddable":true,"href":"https:\/\/i-exe.it\/en\/wp-json\/wp\/v2\/product_cat?post=477"},{"taxonomy":"product_tag","embeddable":true,"href":"https:\/\/i-exe.it\/en\/wp-json\/wp\/v2\/product_tag?post=477"}],"curies":[{"name":"wp","href":"https:\/\/api.w.org\/{rel}","templated":true}]}}