{"id":470,"date":"2025-06-09T16:13:46","date_gmt":"2025-06-09T16:13:46","guid":{"rendered":"https:\/\/i-exe.it\/prodotto\/hp-t-shirt-2\/"},"modified":"2025-06-25T13:56:32","modified_gmt":"2025-06-25T13:56:32","slug":"hp-t-shirt-ita","status":"publish","type":"product","link":"https:\/\/i-exe.it\/en\/prodotto\/hp-t-shirt-ita\/","title":{"rendered":"HP T-SHIRT ITA"},"content":{"rendered":"<p>La linea HP Manica Corta rappresenta l\u2019eccellenza tecnologica di i-eXe, offrendo la stessa qualit\u00e0 costruttiva, le stesse tecnologie avanzate e il medesimo FIT unico e inimitabile della versione a manica lunga. La differenza risiede nella versatilit\u00e0: la manica corta estende l\u2019utilizzo del capo su un arco stagionale pi\u00f9 ampio, rendendolo perfetto per le mezze stagioni, le giornate pi\u00f9 miti e le attivit\u00e0 sportive pi\u00f9 intense.<\/p>\n<p>Realizzata con l\u2019impiego delle due fibre principali che caratterizzano la linea HP, questa versione assicura performance elevate, termoregolazione costante e un comfort superiore, senza mai rinunciare alla libert\u00e0 di movimento. Il design senza cuciture nelle zone strategiche riduce ogni tipo di frizione, mentre la vestibilit\u00e0 ergonomica si adatta perfettamente al corpo, supportando l\u2019atleta in ogni fase dell\u2019attivit\u00e0.<\/p>\n<p>Comodit\u00e0 e funzionalit\u00e0 si fondono in un capo che diventa un must-have per chi pratica sport outdoor e attivit\u00e0 in condizioni climatiche variabili, garantendo performance e comfort ai massimi livelli. La HP Manica Corta \u00e8 la scelta ideale per affrontare ogni sfida con la sicurezza della migliore tecnologia i-eXe.<\/p>\n","protected":false},"excerpt":{"rendered":"<p>La tecnologia regina dei prodotti i-eXe con cui viene realizzata la linea HP, anche grazie alle due fibre principali impiegate, assicura un elevato grado di performance e di vestibilit\u00e0. FIT unico ed inimitabile. Comodit\u00e0 e comfort ai massimi livelli.<\/p>\n","protected":false},"featured_media":472,"comment_status":"closed","ping_status":"closed","template":"","meta":{"_acf_changed":false},"product_brand":[],"product_cat":[20,234,19,233],"product_tag":[],"class_list":{"0":"post-470","1":"product","2":"type-product","3":"status-publish","4":"has-post-thumbnail","6":"product_cat-donna","7":"product_cat-t-shirt-donna","8":"product_cat-uomo","9":"product_cat-t-shirt-uomo","10":"pa_sport-sci-winter-sports","11":"pa_sport-trail-running","12":"pa_sport-bike-mtb","13":"pa_sport-sport-outdoor","14":"pa_sport-fitness","15":"pa_sport-motor-sport","16":"pa_sport-running","17":"pa_sport-ocr","18":"pa_temperatura-15c-30c","20":"first","21":"instock","22":"purchasable","23":"product-type-variable","24":"has-default-attributes"},"acf":[],"_links":{"self":[{"href":"https:\/\/i-exe.it\/en\/wp-json\/wp\/v2\/product\/470","targetHints":{"allow":["GET"]}}],"collection":[{"href":"https:\/\/i-exe.it\/en\/wp-json\/wp\/v2\/product"}],"about":[{"href":"https:\/\/i-exe.it\/en\/wp-json\/wp\/v2\/types\/product"}],"replies":[{"embeddable":true,"href":"https:\/\/i-exe.it\/en\/wp-json\/wp\/v2\/comments?post=470"}],"wp:featuredmedia":[{"embeddable":true,"href":"https:\/\/i-exe.it\/en\/wp-json\/wp\/v2\/media\/472"}],"wp:attachment":[{"href":"https:\/\/i-exe.it\/en\/wp-json\/wp\/v2\/media?parent=470"}],"wp:term":[{"taxonomy":"product_brand","embeddable":true,"href":"https:\/\/i-exe.it\/en\/wp-json\/wp\/v2\/product_brand?post=470"},{"taxonomy":"product_cat","embeddable":true,"href":"https:\/\/i-exe.it\/en\/wp-json\/wp\/v2\/product_cat?post=470"},{"taxonomy":"product_tag","embeddable":true,"href":"https:\/\/i-exe.it\/en\/wp-json\/wp\/v2\/product_tag?post=470"}],"curies":[{"name":"wp","href":"https:\/\/api.w.org\/{rel}","templated":true}]}}