{"id":446,"date":"2025-06-09T16:13:44","date_gmt":"2025-06-09T16:13:44","guid":{"rendered":"https:\/\/i-exe.it\/prodotto\/hp-kids\/"},"modified":"2025-06-25T13:53:37","modified_gmt":"2025-06-25T13:53:37","slug":"hp-kids","status":"publish","type":"product","link":"https:\/\/i-exe.it\/en\/prodotto\/hp-kids\/","title":{"rendered":"HP KIDS"},"content":{"rendered":"<p>HP KIDS \u00e8 la versione dedicata ai piccoli atleti della nostra iconica linea High Performance, un capo che mantiene intatte tutte le caratteristiche tecniche e costruttive che hanno reso famosa la linea per adulti. Non si tratta di una semplice riduzione delle misure, ma di un prodotto realizzato con la stessa cura, attenzione e tecnologie avanzate, perch\u00e9 i corpi in crescita meritano il massimo supporto e protezione.<\/p>\n<p>Grazie all\u2019utilizzo degli stessi filati di alta qualit\u00e0 e alle tecnologie esclusive i-eXe, come i-Fiber\u2122, i-Compression\u2122 e i-Silver\u2122, HP KIDS offre una termoregolazione ottimale, una compressione studiata per accompagnare ogni movimento e un comfort straordinario, essenziale per i fisici delicati dei bambini.<\/p>\n<p>La vestibilit\u00e0 \u00e8 pensata per adattarsi alle necessit\u00e0 dei pi\u00f9 piccoli, offrendo libert\u00e0 di movimento e protezione costante, sia nelle attivit\u00e0 sportive pi\u00f9 intense sia nelle giornate invernali pi\u00f9 fredde. La scelta di non sacrificare alcuna tecnicit\u00e0 sottolinea la nostra volont\u00e0 di dare ai campioni di domani la stessa qualit\u00e0 riservata agli atleti adulti, garantendo un capo che supporta, protegge e accompagna i loro momenti pi\u00f9 attivi.<\/p>\n<p>HP KIDS \u00e8 la risposta a chi cerca un abbigliamento tecnico per bambini senza compromessi: perch\u00e9 la protezione e il comfort dei pi\u00f9 piccoli non sono dettagli, ma una priorit\u00e0.<\/p>\n","protected":false},"excerpt":{"rendered":"<p>HP KIDS, racchiude tutte le caratteristiche della linea High Performance; stessi filati, stessa tecnologia, stesse caratteristiche tecnico costruttive. Abbiamo dato ai nostri piccoli atleti l\u2019importanza che meritano, creando un prodotto identico a quello dei grandi, ma su misura per i campioni di domani.<\/p>\n","protected":false},"featured_media":448,"comment_status":"closed","ping_status":"closed","template":"","meta":{"_acf_changed":false},"product_brand":[],"product_cat":[20,26,19,22],"product_tag":[],"class_list":{"0":"post-446","1":"product","2":"type-product","3":"status-publish","4":"has-post-thumbnail","6":"product_cat-donna","7":"product_cat-maglie-donna","8":"product_cat-uomo","9":"product_cat-maglie-uomo","10":"pa_sport-sci-winter-sports","11":"pa_temperatura-15c-30c","13":"first","14":"instock","15":"purchasable","16":"product-type-variable","17":"has-default-attributes"},"acf":[],"_links":{"self":[{"href":"https:\/\/i-exe.it\/en\/wp-json\/wp\/v2\/product\/446","targetHints":{"allow":["GET"]}}],"collection":[{"href":"https:\/\/i-exe.it\/en\/wp-json\/wp\/v2\/product"}],"about":[{"href":"https:\/\/i-exe.it\/en\/wp-json\/wp\/v2\/types\/product"}],"replies":[{"embeddable":true,"href":"https:\/\/i-exe.it\/en\/wp-json\/wp\/v2\/comments?post=446"}],"wp:featuredmedia":[{"embeddable":true,"href":"https:\/\/i-exe.it\/en\/wp-json\/wp\/v2\/media\/448"}],"wp:attachment":[{"href":"https:\/\/i-exe.it\/en\/wp-json\/wp\/v2\/media?parent=446"}],"wp:term":[{"taxonomy":"product_brand","embeddable":true,"href":"https:\/\/i-exe.it\/en\/wp-json\/wp\/v2\/product_brand?post=446"},{"taxonomy":"product_cat","embeddable":true,"href":"https:\/\/i-exe.it\/en\/wp-json\/wp\/v2\/product_cat?post=446"},{"taxonomy":"product_tag","embeddable":true,"href":"https:\/\/i-exe.it\/en\/wp-json\/wp\/v2\/product_tag?post=446"}],"curies":[{"name":"wp","href":"https:\/\/api.w.org\/{rel}","templated":true}]}}