{"id":392,"date":"2025-06-09T16:13:42","date_gmt":"2025-06-09T16:13:42","guid":{"rendered":"https:\/\/i-exe.it\/prodotto\/quick\/"},"modified":"2025-11-17T15:36:49","modified_gmt":"2025-11-17T15:36:49","slug":"quick","status":"publish","type":"product","link":"https:\/\/i-exe.it\/en\/prodotto\/quick\/","title":{"rendered":"QUICK"},"content":{"rendered":"<p>La linea QUICK rappresenta la versione pi\u00f9 elegante e versatile della tecnologia i-eXe, pensata per chi cerca un completo intimo che unisca comodit\u00e0, termicit\u00e0 ed eleganza. Pur condividendo le tecnologie avanzate della linea HP \u2013 come i-Fiber\u2122, i-Ray\u2122, i-3Dsystem\u2122, i-Compression\u2122, i-Taping\u2122 e i-Silver\u2122 \u2013 QUICK si distingue per un design pi\u00f9 sobrio e sinuoso, ideale per chi desidera una vestibilit\u00e0 meno aggressiva.<\/p>\n<p>La costruzione \u00e8 studiata per offrire una grammatura pi\u00f9 leggera, garantendo comunque un eccellente isolamento termico e un comfort superiore. Il collo a giro, al posto del semilupetto, dona al capo un look pi\u00f9 essenziale e raffinato, senza rinunciare alla funzionalit\u00e0.<\/p>\n<p>Grazie alla combinazione di filati di alta qualit\u00e0 e all\u2019assenza di cuciture nelle zone principali, QUICK assicura massima traspirabilit\u00e0 e una vestibilit\u00e0 perfetta, adattandosi con eleganza a ogni attivit\u00e0 sportiva e contesto.<\/p>\n<p>QUICK: la scelta ideale per chi cerca la performance dei prodotti HP, con un tocco di stile e leggerezza in pi\u00f9.<\/p>\n","protected":false},"excerpt":{"rendered":"<p>QUICK, acquistabile singolarmente o in modalit\u00e0 SET. Il completo intimo per eccellenza che possiede tutte le caratteristiche pi\u00f9 importanti dei prodotti HP che fa della comodit\u00e0, termicit\u00e0 ed eleganza la sua forza<\/p>\n","protected":false},"featured_media":1589,"comment_status":"closed","ping_status":"closed","template":"","meta":{"_acf_changed":false},"product_brand":[],"product_cat":[20,26,19,22],"product_tag":[],"class_list":{"0":"post-392","1":"product","2":"type-product","3":"status-publish","4":"has-post-thumbnail","6":"product_cat-donna","7":"product_cat-maglie-donna","8":"product_cat-uomo","9":"product_cat-maglie-uomo","10":"pa_sport-sci-winter-sports","11":"pa_sport-trail-running","12":"pa_sport-bike-mtb","13":"pa_sport-sport-outdoor","14":"pa_sport-fitness","15":"pa_sport-motor-sport","16":"pa_sport-running","17":"pa_temperatura-5c-35c","19":"first","20":"instock","21":"purchasable","22":"product-type-variable","23":"has-default-attributes"},"acf":[],"_links":{"self":[{"href":"https:\/\/i-exe.it\/en\/wp-json\/wp\/v2\/product\/392","targetHints":{"allow":["GET"]}}],"collection":[{"href":"https:\/\/i-exe.it\/en\/wp-json\/wp\/v2\/product"}],"about":[{"href":"https:\/\/i-exe.it\/en\/wp-json\/wp\/v2\/types\/product"}],"replies":[{"embeddable":true,"href":"https:\/\/i-exe.it\/en\/wp-json\/wp\/v2\/comments?post=392"}],"wp:featuredmedia":[{"embeddable":true,"href":"https:\/\/i-exe.it\/en\/wp-json\/wp\/v2\/media\/1589"}],"wp:attachment":[{"href":"https:\/\/i-exe.it\/en\/wp-json\/wp\/v2\/media?parent=392"}],"wp:term":[{"taxonomy":"product_brand","embeddable":true,"href":"https:\/\/i-exe.it\/en\/wp-json\/wp\/v2\/product_brand?post=392"},{"taxonomy":"product_cat","embeddable":true,"href":"https:\/\/i-exe.it\/en\/wp-json\/wp\/v2\/product_cat?post=392"},{"taxonomy":"product_tag","embeddable":true,"href":"https:\/\/i-exe.it\/en\/wp-json\/wp\/v2\/product_tag?post=392"}],"curies":[{"name":"wp","href":"https:\/\/api.w.org\/{rel}","templated":true}]}}