{"id":389,"date":"2025-06-09T16:13:42","date_gmt":"2025-06-09T16:13:42","guid":{"rendered":"https:\/\/i-exe.it\/prodotto\/sensoria\/"},"modified":"2025-07-14T14:26:20","modified_gmt":"2025-07-14T14:26:20","slug":"sensoria","status":"publish","type":"product","link":"https:\/\/i-exe.it\/en\/prodotto\/sensoria\/","title":{"rendered":"SENSORIA"},"content":{"rendered":"<p>Il Grafene: Un materiale rivoluzionario Il grafene \u00e8 un materiale innovativo composto da uno strato monoatomico di atomi di carbonio disposti in una struttura esagonale. \u00c8 il materiale pi\u00f9 sottile esistente, ma incredibilmente resistente e altamente conduttivo. Originato dalla grafite, offre propriet\u00e0 uniche come la termoregolazione avanzata, la conduttivit\u00e0 elettrica e la resistenza all&#8217;abrasione. Grazie alla sua capacit\u00e0 di adattarsi alle variazioni termiche, il grafene \u00e8 perfetto per l\u2019abbigliamento tecnico, garantendo prestazioni eccellenti in condizioni climatiche estreme. Performance oltre i limiti SENSORIA sfrutta le propriet\u00e0 uniche del grafene per offrire vantaggi ineguagliabili: Termoregolazione avanzata: Mantiene stabile la temperatura corporea basale, distribuendo il calore in modo uniforme. Battericida: Riduce la proliferazione di batteri, mantenendo freschezza e comfort anche dopo lunghe sessioni sportive. Leggerezza e resistenza: Garantisce durabilit\u00e0, RESISTENZA e comfort in ogni condizione. Antistatico e conduttivo: Previene accumuli di cariche statiche e consente l\u2019integrazione di sensori biometrici. Queste propriet\u00e0 rendono SENSORIA un alleato indispensabile per gli atleti che affrontano le sfide pi\u00f9 impegnative. L\u2019innovazione esclusiva di i-eXe SENSORIA rappresenta il culmine della ricerca e sviluppo di i-eXe. Il nostro team ha lavorato instancabilmente per creare un prodotto unico, pensato per chi cerca prestazioni elevate e soluzioni innovative. SENSORIA non \u00e8 solo una maglia: \u00e8 un concentrato di tecnologia e design, un capo che definisce nuovi standard nell\u2019abbigliamento tecnico. Scegliere SENSORIA significa distinguersi con un prodotto esclusivo e all\u2019avanguardia.<\/p>\n","protected":false},"excerpt":{"rendered":"<p>La tecnologia al grafene rende SENSORIA una maglia straordinaria per termoregolazione e dispersione del calore. Il tessuto intelligente lavora in modo attivo con il corpo, offrendo performance elevate e una sensazione costante di benessere. Fit preciso, leggero e avvolgente. Massimo equilibrio tra tecnologia e comfort.<\/p>\n","protected":false},"featured_media":361,"comment_status":"closed","ping_status":"closed","template":"","meta":{"_acf_changed":false},"product_brand":[],"product_cat":[20,26,19,22],"product_tag":[],"class_list":{"0":"post-389","1":"product","2":"type-product","3":"status-publish","4":"has-post-thumbnail","6":"product_cat-donna","7":"product_cat-maglie-donna","8":"product_cat-uomo","9":"product_cat-maglie-uomo","10":"pa_sport-sci-winter-sports","11":"pa_temperatura-15c-30c","13":"first","14":"instock","15":"purchasable","16":"product-type-variable","17":"has-default-attributes"},"acf":[],"_links":{"self":[{"href":"https:\/\/i-exe.it\/en\/wp-json\/wp\/v2\/product\/389","targetHints":{"allow":["GET"]}}],"collection":[{"href":"https:\/\/i-exe.it\/en\/wp-json\/wp\/v2\/product"}],"about":[{"href":"https:\/\/i-exe.it\/en\/wp-json\/wp\/v2\/types\/product"}],"replies":[{"embeddable":true,"href":"https:\/\/i-exe.it\/en\/wp-json\/wp\/v2\/comments?post=389"}],"wp:featuredmedia":[{"embeddable":true,"href":"https:\/\/i-exe.it\/en\/wp-json\/wp\/v2\/media\/361"}],"wp:attachment":[{"href":"https:\/\/i-exe.it\/en\/wp-json\/wp\/v2\/media?parent=389"}],"wp:term":[{"taxonomy":"product_brand","embeddable":true,"href":"https:\/\/i-exe.it\/en\/wp-json\/wp\/v2\/product_brand?post=389"},{"taxonomy":"product_cat","embeddable":true,"href":"https:\/\/i-exe.it\/en\/wp-json\/wp\/v2\/product_cat?post=389"},{"taxonomy":"product_tag","embeddable":true,"href":"https:\/\/i-exe.it\/en\/wp-json\/wp\/v2\/product_tag?post=389"}],"curies":[{"name":"wp","href":"https:\/\/api.w.org\/{rel}","templated":true}]}}